{"id":103,"date":"2015-12-29T16:27:31","date_gmt":"2015-12-29T15:27:31","guid":{"rendered":"http:\/\/oxymed-dz.com\/site\/?page_id=103"},"modified":"2016-01-14T10:36:43","modified_gmt":"2016-01-14T09:36:43","slug":"air-comprime","status":"publish","type":"page","link":"http:\/\/oxymed-dz.com\/site\/air-comprime\/","title":{"rendered":"Air comprim\u00e9:"},"content":{"rendered":"<div class=\"cols\">\n<div class=\"three\">\n<ul class=\"ulprod\">\n<li><a href=\"http:\/\/oxymed-dz.com\/site\/centrale-dair-comprime\/\">&gt; Centrale d&rsquo;air<\/a><\/li>\n<li><a href=\"http:\/\/oxymed-dz.com\/site\/prise\/\">&gt; Prise<\/a><\/li>\n<li><a href=\"http:\/\/oxymed-dz.com\/site\/damao\/\">&gt; Damao<\/a><\/li>\n<\/ul>\n<\/div>\n<div class=\"two\">\n<ul class=\"ulprod\">\n<li><a href=\"http:\/\/oxymed-dz.com\/site\/cuivre\/\">&gt; Cuivre m\u00e9dical d\u00e9graiss\u00e9<\/a><\/li>\n<li><a href=\"http:\/\/oxymed-dz.com\/site\/alarme-vigi\/\">&gt; Alarme VIGI<\/a><\/li>\n<\/ul>\n<\/div>\n<\/div>\n","protected":false},"excerpt":{"rendered":"<p>&gt; Centrale d&rsquo;air &gt; Prise &gt; Damao &gt; Cuivre m\u00e9dical d\u00e9graiss\u00e9 &gt; Alarme VIGI<\/p>\n","protected":false},"author":1,"featured_media":0,"parent":0,"menu_order":0,"comment_status":"closed","ping_status":"closed","template":"","meta":{"footnotes":""},"class_list":["post-103","page","type-page","status-publish","hentry"],"_links":{"self":[{"href":"http:\/\/oxymed-dz.com\/site\/wp-json\/wp\/v2\/pages\/103","targetHints":{"allow":["GET"]}}],"collection":[{"href":"http:\/\/oxymed-dz.com\/site\/wp-json\/wp\/v2\/pages"}],"about":[{"href":"http:\/\/oxymed-dz.com\/site\/wp-json\/wp\/v2\/types\/page"}],"author":[{"embeddable":true,"href":"http:\/\/oxymed-dz.com\/site\/wp-json\/wp\/v2\/users\/1"}],"replies":[{"embeddable":true,"href":"http:\/\/oxymed-dz.com\/site\/wp-json\/wp\/v2\/comments?post=103"}],"version-history":[{"count":7,"href":"http:\/\/oxymed-dz.com\/site\/wp-json\/wp\/v2\/pages\/103\/revisions"}],"predecessor-version":[{"id":384,"href":"http:\/\/oxymed-dz.com\/site\/wp-json\/wp\/v2\/pages\/103\/revisions\/384"}],"wp:attachment":[{"href":"http:\/\/oxymed-dz.com\/site\/wp-json\/wp\/v2\/media?parent=103"}],"curies":[{"name":"wp","href":"https:\/\/api.w.org\/{rel}","templated":true}]}}