{"id":144,"date":"2016-01-03T10:47:40","date_gmt":"2016-01-03T09:47:40","guid":{"rendered":"http:\/\/oxymed-dz.com\/site\/?page_id=144"},"modified":"2016-03-20T11:37:49","modified_gmt":"2016-03-20T10:37:49","slug":"generateur-doxygene","status":"publish","type":"page","link":"http:\/\/oxymed-dz.com\/site\/generateur-doxygene\/","title":{"rendered":"G\u00e9n\u00e9rateur d&rsquo;oxyg\u00e8ne:"},"content":{"rendered":"<h4>GENERATEUR D&rsquo;OXYGENE DS-PSA, 96 \u00e0 99.5%<\/h4>\n<table style=\"border-color: #423636;\">\n<tbody>\n<tr>\n<td colspan=\"2\"><\/td>\n<\/tr>\n<tr>\n<td style=\"border-right: 1px solid #eeeeee; width: 250px; height: 265px;\"><img loading=\"lazy\" decoding=\"async\" class=\"alignnone wp-image-983 size-full\" src=\"http:\/\/oxymed-dz.com\/site\/wp-content\/uploads\/2016\/01\/generateur-oxygene.jpg\" alt=\"\" width=\"250\" height=\"265\" \/><\/td>\n<td style=\"padding-left: 4px;\">\n<div>L&rsquo;oxyg\u00e8ne est traditionnellement approvisionn\u00e9 dans les\u00a0h\u00f4pitaux\u00a0par camion, conditionn\u00e9 dans des bouteilles sous haute pression ou dans des r\u00e9servoirs cryog\u00e9nique. Ce mode d&rsquo;approvisionnement est co\u00fbteux, polluant et\u00a0g\u00e9n\u00e8re\u00a0pour les h\u00f4pitaux des contraintes et des risques.<\/div>\n<div>la production d&rsquo;oxyg\u00e8ne sur site par g\u00e9n\u00e9rateur est une alternative s\u00fbre et\u00a0efficace\u00a0\u00e0 cette situation.<\/div>\n<\/td>\n<\/tr>\n<tr>\n<td>\n<div><strong>Voir la fiche technique<\/strong><\/div>\n<\/td>\n<td>\n<div><a href=\"http:\/\/oxymed-dz.com\/site\/wp-content\/uploads\/2016\/03\/G\u00e9n\u00e9rateur-doxyg\u00e8ne.pdf\" target=\"_blank\"><img loading=\"lazy\" decoding=\"async\" class=\"alignnone wp-image-906 size-full\" src=\"http:\/\/oxymed-dz.com\/site\/wp-content\/uploads\/2016\/03\/pdf-icon.jpg\" alt=\"\" width=\"38\" height=\"40\" \/><\/a><\/div>\n<\/td>\n<\/tr>\n<\/tbody>\n<\/table>\n","protected":false},"excerpt":{"rendered":"<p>GENERATEUR D&rsquo;OXYGENE DS-PSA, 96 \u00e0 99.5% L&rsquo;oxyg\u00e8ne est traditionnellement approvisionn\u00e9 dans les\u00a0h\u00f4pitaux\u00a0par camion, conditionn\u00e9 dans des bouteilles sous haute pression ou dans des r\u00e9servoirs cryog\u00e9nique. Ce mode d&rsquo;approvisionnement est co\u00fbteux, polluant et\u00a0g\u00e9n\u00e8re\u00a0pour les h\u00f4pitaux des contraintes et des risques. la production d&rsquo;oxyg\u00e8ne sur site par g\u00e9n\u00e9rateur est une alternative s\u00fbre et\u00a0efficace\u00a0\u00e0 cette situation. Voir la [&hellip;]<\/p>\n","protected":false},"author":1,"featured_media":0,"parent":0,"menu_order":0,"comment_status":"closed","ping_status":"closed","template":"","meta":{"footnotes":""},"class_list":["post-144","page","type-page","status-publish","hentry"],"_links":{"self":[{"href":"http:\/\/oxymed-dz.com\/site\/wp-json\/wp\/v2\/pages\/144","targetHints":{"allow":["GET"]}}],"collection":[{"href":"http:\/\/oxymed-dz.com\/site\/wp-json\/wp\/v2\/pages"}],"about":[{"href":"http:\/\/oxymed-dz.com\/site\/wp-json\/wp\/v2\/types\/page"}],"author":[{"embeddable":true,"href":"http:\/\/oxymed-dz.com\/site\/wp-json\/wp\/v2\/users\/1"}],"replies":[{"embeddable":true,"href":"http:\/\/oxymed-dz.com\/site\/wp-json\/wp\/v2\/comments?post=144"}],"version-history":[{"count":59,"href":"http:\/\/oxymed-dz.com\/site\/wp-json\/wp\/v2\/pages\/144\/revisions"}],"predecessor-version":[{"id":984,"href":"http:\/\/oxymed-dz.com\/site\/wp-json\/wp\/v2\/pages\/144\/revisions\/984"}],"wp:attachment":[{"href":"http:\/\/oxymed-dz.com\/site\/wp-json\/wp\/v2\/media?parent=144"}],"curies":[{"name":"wp","href":"https:\/\/api.w.org\/{rel}","templated":true}]}}