{"id":154,"date":"2016-01-03T14:20:55","date_gmt":"2016-01-03T13:20:55","guid":{"rendered":"http:\/\/oxymed-dz.com\/site\/?page_id=154"},"modified":"2016-03-01T14:03:30","modified_gmt":"2016-03-01T13:03:30","slug":"evaporateur","status":"publish","type":"page","link":"http:\/\/oxymed-dz.com\/site\/evaporateur\/","title":{"rendered":"Evaporateur"},"content":{"rendered":"<h4><img loading=\"lazy\" decoding=\"async\" class=\"alignnone wp-image-880 size-full\" src=\"http:\/\/oxymed-dz.com\/site\/wp-content\/uploads\/2016\/01\/celine.png\" alt=\"\" width=\"262\" height=\"48\" \/>EVAPORATEUR FROIDS VERTICAUX<\/h4>\n<table style=\"border-color: #423636;\">\n<tbody>\n<tr>\n<td colspan=\"2\"><\/td>\n<\/tr>\n<tr>\n<td style=\"border-right: 1px solid #EEE;\"><img loading=\"lazy\" decoding=\"async\" class=\"alignnone wp-image-882 size-full\" src=\"http:\/\/oxymed-dz.com\/site\/wp-content\/uploads\/2016\/01\/evapo.png\" alt=\"\" width=\"270\" height=\"216\" \/><\/td>\n<td>Evaporateur C\u00e9line 3, la toute derni\u00e8re g\u00e9n\u00e9ration de r\u00e9servoir cryog\u00e9nique isol\u00e9 sous vide, con\u00e7ue pour le stockage<br \/>\nde l\u2019oxyg\u00e8ne, l\u2019azote et l\u2019argon sous forme liquide. Avec une pression maximale de service de 14 ou 17 bar en standard, les<br \/>\nr\u00e9servoirs C\u00e9line 3 sont construits selon la Directive europ\u00e9enne PED 97\/23\/CE et EN 13458. Les pieds de supportage de<br \/>\nCeline 3 sont calcul\u00e9s pour r\u00e9sister aux vents ainsi qu\u2019aux s\u00e9ismes (UBC zone 3)<strong><br \/>\n<\/strong><\/td>\n<\/tr>\n<tr>\n<td>\n<div><strong>Voir la fiche technique<\/strong><\/div>\n<\/td>\n<td>\n<div><a href=\"http:\/\/oxymed-dz.com\/site\/wp-content\/uploads\/2016\/03\/Evaporateur-doxyg\u00e8ne-1.pdf\" target=\"_blank\"><img loading=\"lazy\" decoding=\"async\" class=\"alignnone wp-image-906 size-full\" src=\"http:\/\/oxymed-dz.com\/site\/wp-content\/uploads\/2016\/03\/pdf-icon.jpg\" alt=\"\" width=\"38\" height=\"40\" \/><\/a><\/div>\n<\/td>\n<\/tr>\n<\/tbody>\n<\/table>\n","protected":false},"excerpt":{"rendered":"<p>EVAPORATEUR FROIDS VERTICAUX Evaporateur C\u00e9line 3, la toute derni\u00e8re g\u00e9n\u00e9ration de r\u00e9servoir cryog\u00e9nique isol\u00e9 sous vide, con\u00e7ue pour le stockage de l\u2019oxyg\u00e8ne, l\u2019azote et l\u2019argon sous forme liquide. Avec une pression maximale de service de 14 ou 17 bar en standard, les r\u00e9servoirs C\u00e9line 3 sont construits selon la Directive europ\u00e9enne PED 97\/23\/CE et EN [&hellip;]<\/p>\n","protected":false},"author":1,"featured_media":0,"parent":0,"menu_order":0,"comment_status":"closed","ping_status":"closed","template":"","meta":{"footnotes":""},"class_list":["post-154","page","type-page","status-publish","hentry"],"_links":{"self":[{"href":"http:\/\/oxymed-dz.com\/site\/wp-json\/wp\/v2\/pages\/154","targetHints":{"allow":["GET"]}}],"collection":[{"href":"http:\/\/oxymed-dz.com\/site\/wp-json\/wp\/v2\/pages"}],"about":[{"href":"http:\/\/oxymed-dz.com\/site\/wp-json\/wp\/v2\/types\/page"}],"author":[{"embeddable":true,"href":"http:\/\/oxymed-dz.com\/site\/wp-json\/wp\/v2\/users\/1"}],"replies":[{"embeddable":true,"href":"http:\/\/oxymed-dz.com\/site\/wp-json\/wp\/v2\/comments?post=154"}],"version-history":[{"count":18,"href":"http:\/\/oxymed-dz.com\/site\/wp-json\/wp\/v2\/pages\/154\/revisions"}],"predecessor-version":[{"id":322,"href":"http:\/\/oxymed-dz.com\/site\/wp-json\/wp\/v2\/pages\/154\/revisions\/322"}],"wp:attachment":[{"href":"http:\/\/oxymed-dz.com\/site\/wp-json\/wp\/v2\/media?parent=154"}],"curies":[{"name":"wp","href":"https:\/\/api.w.org\/{rel}","templated":true}]}}