{"id":237,"date":"2016-01-06T15:05:07","date_gmt":"2016-01-06T14:05:07","guid":{"rendered":"http:\/\/oxymed-dz.com\/site\/?page_id=237"},"modified":"2016-03-01T13:34:55","modified_gmt":"2016-03-01T12:34:55","slug":"damao","status":"publish","type":"page","link":"http:\/\/oxymed-dz.com\/site\/damao\/","title":{"rendered":"Damao"},"content":{"rendered":"<h4>DAMAO &#8211; REGULATEUR DE PRESSION<\/h4>\n<table style=\"border-color: #423636;\">\n<tbody>\n<tr>\n<td colspan=\"2\">\n<h5>Pour d\u00e9tendre le gaz entre moyenne et basse pression<\/h5>\n<\/td>\n<\/tr>\n<tr>\n<td style=\"border-right: 1px solid #eeeeee; width: 250px; height: 265px;\"><img loading=\"lazy\" decoding=\"async\" class=\"alignnone wp-image-874 size-full\" src=\"http:\/\/oxymed-dz.com\/site\/wp-content\/uploads\/2016\/01\/damao.jpg\" alt=\"\" width=\"250\" height=\"265\" \/><\/td>\n<td style=\"padding-left: 4px;\">Le d\u00e9tendeur Damao, sp\u00e9cialement con\u00e7u pour les r\u00e9seaux avec un standard en double niveau de pression, se positionne le long du r\u00e9seau dans les \u00e9tages pour d\u00e9tendre le niveau de pression entre le r\u00e9seau primaire \u00e0 9\u00a0bar et le r\u00e9seau secondaire \u00e0 5\u00a0bar. Ce dispositif m\u00e9dical existe en deux versions\u00a0: simple ou double d\u00e9tendeur. Le double d\u00e9tendeur permet une totale conformit\u00e9 avec la norme ISO7396-1 en vigueur pour plus de s\u00e9curit\u00e9 au quotidien et lors des maintenances.<\/p>\n<p><strong><br \/>\n<\/strong><\/td>\n<\/tr>\n<tr>\n<td>\n<div><strong>Voir la fiche technique<\/strong><\/div>\n<\/td>\n<td>\n<div><a href=\"http:\/\/oxymed-dz.com\/site\/wp-content\/uploads\/2016\/03\/DAMAO.pdf\" target=\"_blank\"><img loading=\"lazy\" decoding=\"async\" class=\"alignnone wp-image-906 size-full\" src=\"http:\/\/oxymed-dz.com\/site\/wp-content\/uploads\/2016\/03\/pdf-icon.jpg\" alt=\"\" width=\"38\" height=\"40\" \/><\/a><\/div>\n<\/td>\n<\/tr>\n<\/tbody>\n<\/table>\n","protected":false},"excerpt":{"rendered":"<p>DAMAO &#8211; REGULATEUR DE PRESSION Pour d\u00e9tendre le gaz entre moyenne et basse pression Le d\u00e9tendeur Damao, sp\u00e9cialement con\u00e7u pour les r\u00e9seaux avec un standard en double niveau de pression, se positionne le long du r\u00e9seau dans les \u00e9tages pour d\u00e9tendre le niveau de pression entre le r\u00e9seau primaire \u00e0 9\u00a0bar et le r\u00e9seau secondaire [&hellip;]<\/p>\n","protected":false},"author":1,"featured_media":0,"parent":0,"menu_order":0,"comment_status":"closed","ping_status":"closed","template":"","meta":{"footnotes":""},"class_list":["post-237","page","type-page","status-publish","hentry"],"_links":{"self":[{"href":"http:\/\/oxymed-dz.com\/site\/wp-json\/wp\/v2\/pages\/237","targetHints":{"allow":["GET"]}}],"collection":[{"href":"http:\/\/oxymed-dz.com\/site\/wp-json\/wp\/v2\/pages"}],"about":[{"href":"http:\/\/oxymed-dz.com\/site\/wp-json\/wp\/v2\/types\/page"}],"author":[{"embeddable":true,"href":"http:\/\/oxymed-dz.com\/site\/wp-json\/wp\/v2\/users\/1"}],"replies":[{"embeddable":true,"href":"http:\/\/oxymed-dz.com\/site\/wp-json\/wp\/v2\/comments?post=237"}],"version-history":[{"count":19,"href":"http:\/\/oxymed-dz.com\/site\/wp-json\/wp\/v2\/pages\/237\/revisions"}],"predecessor-version":[{"id":938,"href":"http:\/\/oxymed-dz.com\/site\/wp-json\/wp\/v2\/pages\/237\/revisions\/938"}],"wp:attachment":[{"href":"http:\/\/oxymed-dz.com\/site\/wp-json\/wp\/v2\/media?parent=237"}],"curies":[{"name":"wp","href":"https:\/\/api.w.org\/{rel}","templated":true}]}}