{"id":244,"date":"2016-01-06T15:22:53","date_gmt":"2016-01-06T14:22:53","guid":{"rendered":"http:\/\/oxymed-dz.com\/site\/?page_id=244"},"modified":"2016-03-01T13:51:47","modified_gmt":"2016-03-01T12:51:47","slug":"debimetre-avec-humidificateur","status":"publish","type":"page","link":"http:\/\/oxymed-dz.com\/site\/debimetre-avec-humidificateur\/","title":{"rendered":"D\u00e9bim\u00e8tre avec humidificateur"},"content":{"rendered":"<h4>HUMIDIFICATEURS<\/h4>\n<table style=\"border-color: #423636;\">\n<tbody>\n<tr>\n<td colspan=\"2\"><\/td>\n<\/tr>\n<tr>\n<td style=\"border-right: 1px solid #eeeeee; width: 250px; height: 265px;\"><img loading=\"lazy\" decoding=\"async\" class=\"alignnone wp-image-876 size-full\" src=\"http:\/\/oxymed-dz.com\/site\/wp-content\/uploads\/2016\/01\/humidificateur.jpg\" alt=\"\" width=\"250\" height=\"265\" \/><\/td>\n<td style=\"padding-left: 4px;\">L&rsquo;humidificateur sert \u00e0 humidifier l&rsquo;Oxyg\u00e8ne ou l&rsquo;AIR m\u00e9dical administr\u00e9 au patient par voies respiratoires. Il se visse \u00e0 la sortie d&rsquo;un d\u00e9bitm\u00e8tre (\u00e0 bille ou bien pr\u00e9calibr\u00e9) et s&rsquo;utilise avec de l&rsquo;eau st\u00e9rile.<strong><br \/>\n<\/strong><\/td>\n<\/tr>\n<tr>\n<td>\n<div><strong>Voir la fiche technique<\/strong><\/div>\n<\/td>\n<td>\n<div><a href=\"http:\/\/oxymed-dz.com\/site\/wp-content\/uploads\/2016\/03\/Debimetre-a-O2-avec-Humidificateur.pdf\" target=\"_blank\"><img loading=\"lazy\" decoding=\"async\" class=\"alignnone wp-image-906 size-full\" src=\"http:\/\/oxymed-dz.com\/site\/wp-content\/uploads\/2016\/03\/pdf-icon.jpg\" alt=\"\" width=\"38\" height=\"40\" \/><\/a><\/div>\n<\/td>\n<\/tr>\n<\/tbody>\n<\/table>\n","protected":false},"excerpt":{"rendered":"<p>HUMIDIFICATEURS L&rsquo;humidificateur sert \u00e0 humidifier l&rsquo;Oxyg\u00e8ne ou l&rsquo;AIR m\u00e9dical administr\u00e9 au patient par voies respiratoires. Il se visse \u00e0 la sortie d&rsquo;un d\u00e9bitm\u00e8tre (\u00e0 bille ou bien pr\u00e9calibr\u00e9) et s&rsquo;utilise avec de l&rsquo;eau st\u00e9rile. Voir la fiche technique<\/p>\n","protected":false},"author":1,"featured_media":0,"parent":0,"menu_order":0,"comment_status":"closed","ping_status":"closed","template":"","meta":{"footnotes":""},"class_list":["post-244","page","type-page","status-publish","hentry"],"_links":{"self":[{"href":"http:\/\/oxymed-dz.com\/site\/wp-json\/wp\/v2\/pages\/244","targetHints":{"allow":["GET"]}}],"collection":[{"href":"http:\/\/oxymed-dz.com\/site\/wp-json\/wp\/v2\/pages"}],"about":[{"href":"http:\/\/oxymed-dz.com\/site\/wp-json\/wp\/v2\/types\/page"}],"author":[{"embeddable":true,"href":"http:\/\/oxymed-dz.com\/site\/wp-json\/wp\/v2\/users\/1"}],"replies":[{"embeddable":true,"href":"http:\/\/oxymed-dz.com\/site\/wp-json\/wp\/v2\/comments?post=244"}],"version-history":[{"count":14,"href":"http:\/\/oxymed-dz.com\/site\/wp-json\/wp\/v2\/pages\/244\/revisions"}],"predecessor-version":[{"id":957,"href":"http:\/\/oxymed-dz.com\/site\/wp-json\/wp\/v2\/pages\/244\/revisions\/957"}],"wp:attachment":[{"href":"http:\/\/oxymed-dz.com\/site\/wp-json\/wp\/v2\/media?parent=244"}],"curies":[{"name":"wp","href":"https:\/\/api.w.org\/{rel}","templated":true}]}}