{"id":249,"date":"2016-01-06T15:42:33","date_gmt":"2016-01-06T14:42:33","guid":{"rendered":"http:\/\/oxymed-dz.com\/site\/?page_id=249"},"modified":"2016-03-01T13:32:45","modified_gmt":"2016-03-01T12:32:45","slug":"cuivre","status":"publish","type":"page","link":"http:\/\/oxymed-dz.com\/site\/cuivre\/","title":{"rendered":"Cuivre"},"content":{"rendered":"<h4>\u00a0CUIVRE MEDICAL DEGRAISSE ET ECROUI DIFFERENT DIAMETRE<\/h4>\n<table style=\"border-color: #423636;\">\n<tbody>\n<tr>\n<td colspan=\"2\">\n<h5>CARACT\u00c9RISTIQUES TECHNIQUES<\/h5>\n<\/td>\n<\/tr>\n<tr>\n<td style=\"border-right: 1px solid #eeeeee; width: 250px; height: 265px;\"><img loading=\"lazy\" decoding=\"async\" class=\"alignnone wp-image-872 size-full\" src=\"http:\/\/oxymed-dz.com\/site\/wp-content\/uploads\/2016\/01\/cuivre.jpg\" alt=\"\" width=\"250\" height=\"265\" \/><\/td>\n<td style=\"padding-left: 4px;\"><strong>TEMIX O2\u00ae est un tube en cuivre de grande puret\u00e9<\/strong><\/p>\n<p><strong>Cu &gt; 99,90%, <\/strong>d\u00e9soxyd\u00e9 au phosphore, Cu-DHP, conforme \u00e0 la norme ISO 1553. Il est de section circulaire, sans soudure et d&rsquo;\u00e9paisseur nominale constante.<\/p>\n<p>&#8230;<\/p>\n<p><strong><br \/>\n<\/strong><\/td>\n<\/tr>\n<tr>\n<td>\n<div><strong>Voir la fiche technique<\/strong><\/div>\n<\/td>\n<td>\n<div><a href=\"http:\/\/oxymed-dz.com\/site\/wp-content\/uploads\/2016\/03\/Fiche-technique-du-cuivre.pdf\" target=\"_blank\"><img loading=\"lazy\" decoding=\"async\" class=\"alignnone wp-image-906 size-full\" src=\"http:\/\/oxymed-dz.com\/site\/wp-content\/uploads\/2016\/03\/pdf-icon.jpg\" alt=\"\" width=\"38\" height=\"40\" \/><\/a><\/div>\n<\/td>\n<\/tr>\n<\/tbody>\n<\/table>\n","protected":false},"excerpt":{"rendered":"<p>\u00a0CUIVRE MEDICAL DEGRAISSE ET ECROUI DIFFERENT DIAMETRE CARACT\u00c9RISTIQUES TECHNIQUES TEMIX O2\u00ae est un tube en cuivre de grande puret\u00e9 Cu &gt; 99,90%, d\u00e9soxyd\u00e9 au phosphore, Cu-DHP, conforme \u00e0 la norme ISO 1553. Il est de section circulaire, sans soudure et d&rsquo;\u00e9paisseur nominale constante. &#8230; Voir la fiche technique<\/p>\n","protected":false},"author":1,"featured_media":0,"parent":0,"menu_order":0,"comment_status":"closed","ping_status":"closed","template":"","meta":{"footnotes":""},"class_list":["post-249","page","type-page","status-publish","hentry"],"_links":{"self":[{"href":"http:\/\/oxymed-dz.com\/site\/wp-json\/wp\/v2\/pages\/249","targetHints":{"allow":["GET"]}}],"collection":[{"href":"http:\/\/oxymed-dz.com\/site\/wp-json\/wp\/v2\/pages"}],"about":[{"href":"http:\/\/oxymed-dz.com\/site\/wp-json\/wp\/v2\/types\/page"}],"author":[{"embeddable":true,"href":"http:\/\/oxymed-dz.com\/site\/wp-json\/wp\/v2\/users\/1"}],"replies":[{"embeddable":true,"href":"http:\/\/oxymed-dz.com\/site\/wp-json\/wp\/v2\/comments?post=249"}],"version-history":[{"count":11,"href":"http:\/\/oxymed-dz.com\/site\/wp-json\/wp\/v2\/pages\/249\/revisions"}],"predecessor-version":[{"id":936,"href":"http:\/\/oxymed-dz.com\/site\/wp-json\/wp\/v2\/pages\/249\/revisions\/936"}],"wp:attachment":[{"href":"http:\/\/oxymed-dz.com\/site\/wp-json\/wp\/v2\/media?parent=249"}],"curies":[{"name":"wp","href":"https:\/\/api.w.org\/{rel}","templated":true}]}}