{"id":256,"date":"2016-01-06T15:47:31","date_gmt":"2016-01-06T14:47:31","guid":{"rendered":"http:\/\/oxymed-dz.com\/site\/?page_id=256"},"modified":"2016-03-01T10:17:11","modified_gmt":"2016-03-01T09:17:11","slug":"alarme-vigi","status":"publish","type":"page","link":"http:\/\/oxymed-dz.com\/site\/alarme-vigi\/","title":{"rendered":"Alarme VIGI"},"content":{"rendered":"<h4>VIGI &#8211; SYSTEME DE SIGNALISATION<\/h4>\n<table style=\"border-color: #423636;\">\n<tbody>\n<tr>\n<td colspan=\"2\"><\/td>\n<\/tr>\n<tr>\n<td style=\"border-right: 1px solid #eeeeee; width: 250px; height: 265px;\"><img loading=\"lazy\" decoding=\"async\" class=\"alignnone wp-image-851 size-full\" src=\"http:\/\/oxymed-dz.com\/site\/wp-content\/uploads\/2016\/01\/vgi.jpg\" alt=\"\" width=\"250\" height=\"265\" \/><\/td>\n<td style=\"padding-left: 4px;\">Pour surveiller le fonctionnement des sources de production (par exemple centrale haute pression) et du r\u00e9seau en g\u00e9n\u00e9ral, et pour signaler toute anomalie.<\/p>\n<p><strong><br \/>\n<\/strong><\/td>\n<\/tr>\n<tr>\n<td>\n<div><strong>Voir la fiche technique<\/strong><\/div>\n<\/td>\n<td>\n<div><a href=\"http:\/\/oxymed-dz.com\/site\/wp-content\/uploads\/2016\/03\/Vigi.pdf\" target=\"_blank\"><img loading=\"lazy\" decoding=\"async\" class=\"alignnone wp-image-906 size-full\" src=\"http:\/\/oxymed-dz.com\/site\/wp-content\/uploads\/2016\/03\/pdf-icon.jpg\" alt=\"\" width=\"38\" height=\"40\" \/><\/a><\/div>\n<\/td>\n<\/tr>\n<\/tbody>\n<\/table>\n","protected":false},"excerpt":{"rendered":"<p>VIGI &#8211; SYSTEME DE SIGNALISATION Pour surveiller le fonctionnement des sources de production (par exemple centrale haute pression) et du r\u00e9seau en g\u00e9n\u00e9ral, et pour signaler toute anomalie. Voir la fiche technique<\/p>\n","protected":false},"author":1,"featured_media":0,"parent":0,"menu_order":0,"comment_status":"closed","ping_status":"closed","template":"","meta":{"footnotes":""},"class_list":["post-256","page","type-page","status-publish","hentry"],"_links":{"self":[{"href":"http:\/\/oxymed-dz.com\/site\/wp-json\/wp\/v2\/pages\/256","targetHints":{"allow":["GET"]}}],"collection":[{"href":"http:\/\/oxymed-dz.com\/site\/wp-json\/wp\/v2\/pages"}],"about":[{"href":"http:\/\/oxymed-dz.com\/site\/wp-json\/wp\/v2\/types\/page"}],"author":[{"embeddable":true,"href":"http:\/\/oxymed-dz.com\/site\/wp-json\/wp\/v2\/users\/1"}],"replies":[{"embeddable":true,"href":"http:\/\/oxymed-dz.com\/site\/wp-json\/wp\/v2\/comments?post=256"}],"version-history":[{"count":16,"href":"http:\/\/oxymed-dz.com\/site\/wp-json\/wp\/v2\/pages\/256\/revisions"}],"predecessor-version":[{"id":912,"href":"http:\/\/oxymed-dz.com\/site\/wp-json\/wp\/v2\/pages\/256\/revisions\/912"}],"wp:attachment":[{"href":"http:\/\/oxymed-dz.com\/site\/wp-json\/wp\/v2\/media?parent=256"}],"curies":[{"name":"wp","href":"https:\/\/api.w.org\/{rel}","templated":true}]}}