{"id":261,"date":"2016-01-06T16:03:13","date_gmt":"2016-01-06T15:03:13","guid":{"rendered":"http:\/\/oxymed-dz.com\/site\/?page_id=261"},"modified":"2016-03-01T13:55:13","modified_gmt":"2016-03-01T12:55:13","slug":"prise","status":"publish","type":"page","link":"http:\/\/oxymed-dz.com\/site\/prise\/","title":{"rendered":"Prise 02"},"content":{"rendered":"<h4>PRISE MURALE<\/h4>\n<table style=\"border-color: #423636;\">\n<tbody>\n<tr>\n<td colspan=\"2\"><\/td>\n<\/tr>\n<tr>\n<td style=\"border-right: 1px solid #eeeeee; width: 250px; height: 265px;\"><img loading=\"lazy\" decoding=\"async\" class=\"alignnone wp-image-894 size-full\" src=\"http:\/\/oxymed-dz.com\/site\/wp-content\/uploads\/2016\/01\/prise-murale.jpg\" alt=\"\" width=\"250\" height=\"265\" \/><\/td>\n<td style=\"padding-left: 4px;\">\n<div>Pour faciliter le branchement des appareils et \u00e9viter les risques d&rsquo;interversion de gaz.<\/div>\n<div><\/div>\n<div>La prise BM est une prise murale pour gaz m\u00e9dicaux au standard fran\u00e7ais (NF). Elle a \u00e9t\u00e9 con\u00e7ue pour effectuer des branchements rapides sans risque d&rsquo;interversion des fluides. Le d\u00e9verrouillage de l&#8217;embout en utilisation est impossible. Il ne contient que des mat\u00e9riaux ne d\u00e9gageant pas de vapeurs toxiques en cas d&rsquo;inflammation.<br \/>\nGaz disponibles\u00a0: O2, Air m\u00e9dical, Air moteur, N2O, N2, CO2, Vide<\/div>\n<\/td>\n<\/tr>\n<tr>\n<td>\n<div><strong>Voir la fiche technique<\/strong><\/div>\n<\/td>\n<td>\n<div><a href=\"http:\/\/oxymed-dz.com\/site\/wp-content\/uploads\/2016\/03\/Prise-Oxyg\u00e8ne-Vide-Proto-Co2-Air-comprim\u00e9.pdf\" target=\"_blank\"><img loading=\"lazy\" decoding=\"async\" class=\"alignnone wp-image-906 size-full\" src=\"http:\/\/oxymed-dz.com\/site\/wp-content\/uploads\/2016\/03\/pdf-icon.jpg\" alt=\"\" width=\"38\" height=\"40\" \/><\/a><\/div>\n<\/td>\n<\/tr>\n<\/tbody>\n<\/table>\n","protected":false},"excerpt":{"rendered":"<p>PRISE MURALE Pour faciliter le branchement des appareils et \u00e9viter les risques d&rsquo;interversion de gaz. La prise BM est une prise murale pour gaz m\u00e9dicaux au standard fran\u00e7ais (NF). Elle a \u00e9t\u00e9 con\u00e7ue pour effectuer des branchements rapides sans risque d&rsquo;interversion des fluides. Le d\u00e9verrouillage de l&#8217;embout en utilisation est impossible. Il ne contient que [&hellip;]<\/p>\n","protected":false},"author":1,"featured_media":0,"parent":0,"menu_order":0,"comment_status":"closed","ping_status":"closed","template":"","meta":{"footnotes":""},"class_list":["post-261","page","type-page","status-publish","hentry"],"_links":{"self":[{"href":"http:\/\/oxymed-dz.com\/site\/wp-json\/wp\/v2\/pages\/261","targetHints":{"allow":["GET"]}}],"collection":[{"href":"http:\/\/oxymed-dz.com\/site\/wp-json\/wp\/v2\/pages"}],"about":[{"href":"http:\/\/oxymed-dz.com\/site\/wp-json\/wp\/v2\/types\/page"}],"author":[{"embeddable":true,"href":"http:\/\/oxymed-dz.com\/site\/wp-json\/wp\/v2\/users\/1"}],"replies":[{"embeddable":true,"href":"http:\/\/oxymed-dz.com\/site\/wp-json\/wp\/v2\/comments?post=261"}],"version-history":[{"count":21,"href":"http:\/\/oxymed-dz.com\/site\/wp-json\/wp\/v2\/pages\/261\/revisions"}],"predecessor-version":[{"id":963,"href":"http:\/\/oxymed-dz.com\/site\/wp-json\/wp\/v2\/pages\/261\/revisions\/963"}],"wp:attachment":[{"href":"http:\/\/oxymed-dz.com\/site\/wp-json\/wp\/v2\/media?parent=261"}],"curies":[{"name":"wp","href":"https:\/\/api.w.org\/{rel}","templated":true}]}}