{"id":265,"date":"2016-01-06T16:06:05","date_gmt":"2016-01-06T15:06:05","guid":{"rendered":"http:\/\/oxymed-dz.com\/site\/?page_id=265"},"modified":"2016-03-01T12:19:43","modified_gmt":"2016-03-01T11:19:43","slug":"centrale-dair","status":"publish","type":"page","link":"http:\/\/oxymed-dz.com\/site\/centrale-dair\/","title":{"rendered":"Centrale d&rsquo;oxyg\u00e9ne"},"content":{"rendered":"<h4>CENTRALE\u00a0 D&rsquo;OXYGENE<\/h4>\n<table style=\"border-color: #423636;\">\n<tbody>\n<tr>\n<td colspan=\"2\"><\/td>\n<\/tr>\n<tr>\n<td style=\"border-right: 1px solid #eeeeee; width: 250px; height: 265px;\"><img loading=\"lazy\" decoding=\"async\" class=\"alignnone wp-image-866 size-full\" src=\"http:\/\/oxymed-dz.com\/site\/wp-content\/uploads\/2016\/01\/generateur-o2.jpg\" alt=\"\" width=\"250\" height=\"265\" \/><\/td>\n<td style=\"padding-left: 4px;\">La central \u00ab\u00a0Haute Pression\u00a0\u00bb , sp\u00e9cialement con\u00e7ue pour la distribution des fluides m\u00e9dicaux gr\u00e2ce \u00e0 son syst\u00e9me d&rsquo;inversion enti\u00e9rement automatique et ses syst\u00e9me de signalisation des alarmes, la continuit\u00e9 de la distribution des fluides en toutes s\u00e9curit\u00e9.<\/p>\n<p><strong><br \/>\n<\/strong><\/td>\n<\/tr>\n<tr>\n<td>\n<div><strong>Voir la fiche technique<\/strong><\/div>\n<\/td>\n<td>\n<div><a href=\"http:\/\/oxymed-dz.com\/site\/wp-content\/uploads\/2016\/03\/GENERATEUR_2.pdf\" target=\"_blank\"><img loading=\"lazy\" decoding=\"async\" class=\"alignnone wp-image-906 size-full\" src=\"http:\/\/oxymed-dz.com\/site\/wp-content\/uploads\/2016\/03\/pdf-icon.jpg\" alt=\"\" width=\"38\" height=\"40\" \/><\/a><\/div>\n<\/td>\n<\/tr>\n<\/tbody>\n<\/table>\n<p>&nbsp;<\/p>\n","protected":false},"excerpt":{"rendered":"<p>CENTRALE\u00a0 D&rsquo;OXYGENE La central \u00ab\u00a0Haute Pression\u00a0\u00bb , sp\u00e9cialement con\u00e7ue pour la distribution des fluides m\u00e9dicaux gr\u00e2ce \u00e0 son syst\u00e9me d&rsquo;inversion enti\u00e9rement automatique et ses syst\u00e9me de signalisation des alarmes, la continuit\u00e9 de la distribution des fluides en toutes s\u00e9curit\u00e9. Voir la fiche technique &nbsp;<\/p>\n","protected":false},"author":1,"featured_media":0,"parent":0,"menu_order":0,"comment_status":"closed","ping_status":"closed","template":"","meta":{"footnotes":""},"class_list":["post-265","page","type-page","status-publish","hentry"],"_links":{"self":[{"href":"http:\/\/oxymed-dz.com\/site\/wp-json\/wp\/v2\/pages\/265","targetHints":{"allow":["GET"]}}],"collection":[{"href":"http:\/\/oxymed-dz.com\/site\/wp-json\/wp\/v2\/pages"}],"about":[{"href":"http:\/\/oxymed-dz.com\/site\/wp-json\/wp\/v2\/types\/page"}],"author":[{"embeddable":true,"href":"http:\/\/oxymed-dz.com\/site\/wp-json\/wp\/v2\/users\/1"}],"replies":[{"embeddable":true,"href":"http:\/\/oxymed-dz.com\/site\/wp-json\/wp\/v2\/comments?post=265"}],"version-history":[{"count":16,"href":"http:\/\/oxymed-dz.com\/site\/wp-json\/wp\/v2\/pages\/265\/revisions"}],"predecessor-version":[{"id":930,"href":"http:\/\/oxymed-dz.com\/site\/wp-json\/wp\/v2\/pages\/265\/revisions\/930"}],"wp:attachment":[{"href":"http:\/\/oxymed-dz.com\/site\/wp-json\/wp\/v2\/media?parent=265"}],"curies":[{"name":"wp","href":"https:\/\/api.w.org\/{rel}","templated":true}]}}