{"id":270,"date":"2016-01-06T16:10:27","date_gmt":"2016-01-06T15:10:27","guid":{"rendered":"http:\/\/oxymed-dz.com\/site\/?page_id=270"},"modified":"2016-03-01T13:27:25","modified_gmt":"2016-03-01T12:27:25","slug":"groupe-de-vide","status":"publish","type":"page","link":"http:\/\/oxymed-dz.com\/site\/groupe-de-vide\/","title":{"rendered":"Centrale de vide"},"content":{"rendered":"<h4>\u00a0GROUPE DE VIDE MEDICAL<\/h4>\n<table style=\"border-color: #423636;\">\n<tbody>\n<tr>\n<td colspan=\"2\"><\/td>\n<\/tr>\n<tr>\n<td style=\"border-right: 1px solid #eeeeee; width: 250px; height: 265px;\"><img loading=\"lazy\" decoding=\"async\" class=\"alignnone wp-image-868 size-full\" src=\"http:\/\/oxymed-dz.com\/site\/wp-content\/uploads\/2016\/01\/central-vide-02.jpg\" alt=\"\" width=\"250\" height=\"265\" \/><\/td>\n<td style=\"padding-left: 4px;\">\n<ul>\n<li>Les centrales de vide r\u00e9pondent exactement aux besoins des h\u00f4pitaux et cliniques en mati\u00e8re de vide hospitalier. Elles allient puissance, s\u00e9curit\u00e9 et fiabilit\u00e9.<\/li>\n<li>Elles sont \u00e9tudi\u00e9es pour de multiples services (chirurgie, soins intensifs,\u2026\u2026.etc.), qui ont besoin d\u2019un source s\u00fbre de vide au m\u00eame titre que les autres gaz.<\/li>\n<\/ul>\n<p><strong><br \/>\n<\/strong><\/td>\n<\/tr>\n<tr>\n<td>\n<div><strong>Voir la fiche technique<\/strong><\/div>\n<\/td>\n<td>\n<div><a href=\"http:\/\/oxymed-dz.com\/site\/wp-content\/uploads\/2016\/03\/Fiche-technique-de-la-centrale-de-vide-m\u00e9dical-1.pdf\" target=\"_blank\"><img loading=\"lazy\" decoding=\"async\" class=\"alignnone wp-image-906 size-full\" src=\"http:\/\/oxymed-dz.com\/site\/wp-content\/uploads\/2016\/03\/pdf-icon.jpg\" alt=\"\" width=\"38\" height=\"40\" \/><\/a><\/div>\n<\/td>\n<\/tr>\n<\/tbody>\n<\/table>\n","protected":false},"excerpt":{"rendered":"<p>\u00a0GROUPE DE VIDE MEDICAL Les centrales de vide r\u00e9pondent exactement aux besoins des h\u00f4pitaux et cliniques en mati\u00e8re de vide hospitalier. Elles allient puissance, s\u00e9curit\u00e9 et fiabilit\u00e9. Elles sont \u00e9tudi\u00e9es pour de multiples services (chirurgie, soins intensifs,\u2026\u2026.etc.), qui ont besoin d\u2019un source s\u00fbre de vide au m\u00eame titre que les autres gaz. Voir la fiche [&hellip;]<\/p>\n","protected":false},"author":1,"featured_media":0,"parent":0,"menu_order":0,"comment_status":"closed","ping_status":"closed","template":"","meta":{"footnotes":""},"class_list":["post-270","page","type-page","status-publish","hentry"],"_links":{"self":[{"href":"http:\/\/oxymed-dz.com\/site\/wp-json\/wp\/v2\/pages\/270","targetHints":{"allow":["GET"]}}],"collection":[{"href":"http:\/\/oxymed-dz.com\/site\/wp-json\/wp\/v2\/pages"}],"about":[{"href":"http:\/\/oxymed-dz.com\/site\/wp-json\/wp\/v2\/types\/page"}],"author":[{"embeddable":true,"href":"http:\/\/oxymed-dz.com\/site\/wp-json\/wp\/v2\/users\/1"}],"replies":[{"embeddable":true,"href":"http:\/\/oxymed-dz.com\/site\/wp-json\/wp\/v2\/comments?post=270"}],"version-history":[{"count":10,"href":"http:\/\/oxymed-dz.com\/site\/wp-json\/wp\/v2\/pages\/270\/revisions"}],"predecessor-version":[{"id":932,"href":"http:\/\/oxymed-dz.com\/site\/wp-json\/wp\/v2\/pages\/270\/revisions\/932"}],"wp:attachment":[{"href":"http:\/\/oxymed-dz.com\/site\/wp-json\/wp\/v2\/media?parent=270"}],"curies":[{"name":"wp","href":"https:\/\/api.w.org\/{rel}","templated":true}]}}