{"id":325,"date":"2016-01-10T14:33:13","date_gmt":"2016-01-10T13:33:13","guid":{"rendered":"http:\/\/oxymed-dz.com\/site\/?page_id=325"},"modified":"2016-03-01T12:14:49","modified_gmt":"2016-03-01T11:14:49","slug":"centrale-dair-a-vis","status":"publish","type":"page","link":"http:\/\/oxymed-dz.com\/site\/centrale-dair-a-vis\/","title":{"rendered":"Centrale d&rsquo;air \u00e0 vis"},"content":{"rendered":"<h4>CENTRALES D\u2019AIR M\u00c9DICAL \u00c0 VIS NOVAIR<\/h4>\n<table style=\"border-color: #423636;\">\n<tbody>\n<tr>\n<td colspan=\"2\"><\/td>\n<\/tr>\n<tr>\n<td style=\"border-right: 1px solid #eeeeee; width: 250px; height: 265px;\"><img loading=\"lazy\" decoding=\"async\" class=\"alignnone wp-image-864 size-full\" src=\"http:\/\/oxymed-dz.com\/site\/wp-content\/uploads\/2016\/01\/centrales-dair-medical-vis.jpg\" alt=\"\" width=\"250\" height=\"265\" \/><\/td>\n<td style=\"padding-left: 4px;\">Les centrales d&rsquo;air m\u00e9dical \u00e0 vis NOVAIR sont marqu\u00e9es CE \u2010 Dispositif m\u00e9dical, Classe IIa, et respectent les normes NF EN ISO 7396\u20101 et HTM 02\u201001, ainsi que les sp\u00e9cifications de la Pharmacop\u00e9e europ\u00e9enne relatives \u00e0 la qualit\u00e9 de l&rsquo;air m\u00e9dical et aux impuret\u00e9s admissibles.<\/td>\n<\/tr>\n<tr>\n<td>\n<div><strong>Voir la fiche technique<\/strong><\/div>\n<\/td>\n<td>\n<div><a href=\"http:\/\/oxymed-dz.com\/site\/wp-content\/uploads\/2016\/03\/Centrales-dair-comprim\u00e9-\u00e0-vis.pdf\" target=\"_blank\"><img loading=\"lazy\" decoding=\"async\" class=\"alignnone wp-image-906 size-full\" src=\"http:\/\/oxymed-dz.com\/site\/wp-content\/uploads\/2016\/03\/pdf-icon.jpg\" alt=\"\" width=\"38\" height=\"40\" \/><\/a><\/div>\n<\/td>\n<\/tr>\n<\/tbody>\n<\/table>\n","protected":false},"excerpt":{"rendered":"<p>CENTRALES D\u2019AIR M\u00c9DICAL \u00c0 VIS NOVAIR Les centrales d&rsquo;air m\u00e9dical \u00e0 vis NOVAIR sont marqu\u00e9es CE \u2010 Dispositif m\u00e9dical, Classe IIa, et respectent les normes NF EN ISO 7396\u20101 et HTM 02\u201001, ainsi que les sp\u00e9cifications de la Pharmacop\u00e9e europ\u00e9enne relatives \u00e0 la qualit\u00e9 de l&rsquo;air m\u00e9dical et aux impuret\u00e9s admissibles. Voir la fiche technique<\/p>\n","protected":false},"author":1,"featured_media":0,"parent":0,"menu_order":0,"comment_status":"closed","ping_status":"closed","template":"","meta":{"footnotes":""},"class_list":["post-325","page","type-page","status-publish","hentry"],"_links":{"self":[{"href":"http:\/\/oxymed-dz.com\/site\/wp-json\/wp\/v2\/pages\/325","targetHints":{"allow":["GET"]}}],"collection":[{"href":"http:\/\/oxymed-dz.com\/site\/wp-json\/wp\/v2\/pages"}],"about":[{"href":"http:\/\/oxymed-dz.com\/site\/wp-json\/wp\/v2\/types\/page"}],"author":[{"embeddable":true,"href":"http:\/\/oxymed-dz.com\/site\/wp-json\/wp\/v2\/users\/1"}],"replies":[{"embeddable":true,"href":"http:\/\/oxymed-dz.com\/site\/wp-json\/wp\/v2\/comments?post=325"}],"version-history":[{"count":9,"href":"http:\/\/oxymed-dz.com\/site\/wp-json\/wp\/v2\/pages\/325\/revisions"}],"predecessor-version":[{"id":926,"href":"http:\/\/oxymed-dz.com\/site\/wp-json\/wp\/v2\/pages\/325\/revisions\/926"}],"wp:attachment":[{"href":"http:\/\/oxymed-dz.com\/site\/wp-json\/wp\/v2\/media?parent=325"}],"curies":[{"name":"wp","href":"https:\/\/api.w.org\/{rel}","templated":true}]}}