{"id":429,"date":"2016-01-18T14:57:39","date_gmt":"2016-01-18T13:57:39","guid":{"rendered":"http:\/\/oxymed-dz.com\/site\/?page_id=429"},"modified":"2016-03-01T13:53:51","modified_gmt":"2016-03-01T12:53:51","slug":"panneau-technique","status":"publish","type":"page","link":"http:\/\/oxymed-dz.com\/site\/panneau-technique\/","title":{"rendered":"Panneau Technique"},"content":{"rendered":"<h4>PANNEAU TECHNIQUE<\/h4>\n<table style=\"border-color: #423636;\">\n<tbody>\n<tr>\n<td colspan=\"2\"><\/td>\n<\/tr>\n<tr>\n<td style=\"border-right: 1px solid #eeeeee; width: 250px; height: 265px;\"><img loading=\"lazy\" decoding=\"async\" class=\"alignnone wp-image-892 size-full\" src=\"http:\/\/oxymed-dz.com\/site\/wp-content\/uploads\/2016\/01\/panneau-tech.jpg\" alt=\"\" width=\"250\" height=\"265\" \/><\/td>\n<td style=\"padding-left: 4px;\">Les panneaux techniques sont con\u00e7us pour centraliser les diff\u00e9rents organes de commandes et d&rsquo;affichages du bloc op\u00e9ratoire.<\/p>\n<p>Encastr\u00e9s dans le mur ils peuvent \u00eatre \u00e9ventuellement \u00e9quip\u00e9s de prises \u00e9lectriques, de prises de fluides et de n\u00e9gatoscope.<\/p>\n<p>Les produits sont enti\u00e8rement r\u00e9alis\u00e9s en acier inoxydable 304.<\/p>\n<p>Livrables en pr\u00e9 c\u00e2bl\u00e9 ou avec seulement les diff\u00e9rentes r\u00e9servations.<br \/>\n<strong><br \/>\n<\/strong><\/td>\n<\/tr>\n<tr>\n<td>\n<div><strong>Voir la fiche technique<\/strong><\/div>\n<\/td>\n<td>\n<div><a href=\"http:\/\/oxymed-dz.com\/site\/wp-content\/uploads\/2016\/03\/Panneau-Technique.pdf\" target=\"_blank\"><img loading=\"lazy\" decoding=\"async\" class=\"alignnone wp-image-906 size-full\" src=\"http:\/\/oxymed-dz.com\/site\/wp-content\/uploads\/2016\/03\/pdf-icon.jpg\" alt=\"\" width=\"38\" height=\"40\" \/><\/a><\/div>\n<\/td>\n<\/tr>\n<\/tbody>\n<\/table>\n","protected":false},"excerpt":{"rendered":"<p>PANNEAU TECHNIQUE Les panneaux techniques sont con\u00e7us pour centraliser les diff\u00e9rents organes de commandes et d&rsquo;affichages du bloc op\u00e9ratoire. Encastr\u00e9s dans le mur ils peuvent \u00eatre \u00e9ventuellement \u00e9quip\u00e9s de prises \u00e9lectriques, de prises de fluides et de n\u00e9gatoscope. Les produits sont enti\u00e8rement r\u00e9alis\u00e9s en acier inoxydable 304. Livrables en pr\u00e9 c\u00e2bl\u00e9 ou avec seulement les [&hellip;]<\/p>\n","protected":false},"author":1,"featured_media":0,"parent":0,"menu_order":0,"comment_status":"closed","ping_status":"closed","template":"","meta":{"footnotes":""},"class_list":["post-429","page","type-page","status-publish","hentry"],"_links":{"self":[{"href":"http:\/\/oxymed-dz.com\/site\/wp-json\/wp\/v2\/pages\/429","targetHints":{"allow":["GET"]}}],"collection":[{"href":"http:\/\/oxymed-dz.com\/site\/wp-json\/wp\/v2\/pages"}],"about":[{"href":"http:\/\/oxymed-dz.com\/site\/wp-json\/wp\/v2\/types\/page"}],"author":[{"embeddable":true,"href":"http:\/\/oxymed-dz.com\/site\/wp-json\/wp\/v2\/users\/1"}],"replies":[{"embeddable":true,"href":"http:\/\/oxymed-dz.com\/site\/wp-json\/wp\/v2\/comments?post=429"}],"version-history":[{"count":13,"href":"http:\/\/oxymed-dz.com\/site\/wp-json\/wp\/v2\/pages\/429\/revisions"}],"predecessor-version":[{"id":961,"href":"http:\/\/oxymed-dz.com\/site\/wp-json\/wp\/v2\/pages\/429\/revisions\/961"}],"wp:attachment":[{"href":"http:\/\/oxymed-dz.com\/site\/wp-json\/wp\/v2\/media?parent=429"}],"curies":[{"name":"wp","href":"https:\/\/api.w.org\/{rel}","templated":true}]}}