{"id":482,"date":"2016-01-19T15:20:22","date_gmt":"2016-01-19T14:20:22","guid":{"rendered":"http:\/\/oxymed-dz.com\/site\/?page_id=482"},"modified":"2016-03-01T14:02:55","modified_gmt":"2016-03-01T13:02:55","slug":"vanne","status":"publish","type":"page","link":"http:\/\/oxymed-dz.com\/site\/vanne\/","title":{"rendered":"Vanne"},"content":{"rendered":"<h4>\u00a0VANNE DE CANALISATION<\/h4>\n<table style=\"border-color: #423636;\">\n<tbody>\n<tr>\n<td colspan=\"2\"><\/td>\n<\/tr>\n<tr>\n<td style=\"border-right: 1px solid #eeeeee; width: 250px; height: 265px;\"><img loading=\"lazy\" decoding=\"async\" class=\"alignnone wp-image-904 size-full\" src=\"http:\/\/oxymed-dz.com\/site\/wp-content\/uploads\/2016\/01\/vanne.jpg\" alt=\"\" width=\"250\" height=\"265\" \/><\/td>\n<td style=\"padding-left: 4px;\">Vanne BS pour canalisation conforme \u00e0 la norme Europ\u00e9enne EN 737-3.<br \/>\nCette vanne permet d\u2019isol\u00e9 certaines parties sans arr\u00eater l\u2019alimentation des autres sections du r\u00e9seau.<br \/>\nElle est \u00e0 boisseau sph\u00e9rique (1\/4T) avec une poign\u00e9e indiquant la position ouverte ou ferm\u00e9e<\/td>\n<\/tr>\n<tr>\n<td>\n<div><strong>Voir la fiche technique<\/strong><\/div>\n<\/td>\n<td>\n<div><a href=\"http:\/\/oxymed-dz.com\/site\/wp-content\/uploads\/2016\/03\/Vanne.pdf\" target=\"_blank\"><img loading=\"lazy\" decoding=\"async\" class=\"alignnone wp-image-906 size-full\" src=\"http:\/\/oxymed-dz.com\/site\/wp-content\/uploads\/2016\/03\/pdf-icon.jpg\" alt=\"\" width=\"38\" height=\"40\" \/><\/a><\/div>\n<\/td>\n<\/tr>\n<\/tbody>\n<\/table>\n","protected":false},"excerpt":{"rendered":"<p>\u00a0VANNE DE CANALISATION Vanne BS pour canalisation conforme \u00e0 la norme Europ\u00e9enne EN 737-3. Cette vanne permet d\u2019isol\u00e9 certaines parties sans arr\u00eater l\u2019alimentation des autres sections du r\u00e9seau. Elle est \u00e0 boisseau sph\u00e9rique (1\/4T) avec une poign\u00e9e indiquant la position ouverte ou ferm\u00e9e Voir la fiche technique<\/p>\n","protected":false},"author":1,"featured_media":0,"parent":0,"menu_order":0,"comment_status":"closed","ping_status":"closed","template":"","meta":{"footnotes":""},"class_list":["post-482","page","type-page","status-publish","hentry"],"_links":{"self":[{"href":"http:\/\/oxymed-dz.com\/site\/wp-json\/wp\/v2\/pages\/482","targetHints":{"allow":["GET"]}}],"collection":[{"href":"http:\/\/oxymed-dz.com\/site\/wp-json\/wp\/v2\/pages"}],"about":[{"href":"http:\/\/oxymed-dz.com\/site\/wp-json\/wp\/v2\/types\/page"}],"author":[{"embeddable":true,"href":"http:\/\/oxymed-dz.com\/site\/wp-json\/wp\/v2\/users\/1"}],"replies":[{"embeddable":true,"href":"http:\/\/oxymed-dz.com\/site\/wp-json\/wp\/v2\/comments?post=482"}],"version-history":[{"count":13,"href":"http:\/\/oxymed-dz.com\/site\/wp-json\/wp\/v2\/pages\/482\/revisions"}],"predecessor-version":[{"id":975,"href":"http:\/\/oxymed-dz.com\/site\/wp-json\/wp\/v2\/pages\/482\/revisions\/975"}],"wp:attachment":[{"href":"http:\/\/oxymed-dz.com\/site\/wp-json\/wp\/v2\/media?parent=482"}],"curies":[{"name":"wp","href":"https:\/\/api.w.org\/{rel}","templated":true}]}}