{"id":52,"date":"2015-12-28T10:41:59","date_gmt":"2015-12-28T09:41:59","guid":{"rendered":"http:\/\/oxymed-dz.com\/site\/?page_id=52"},"modified":"2016-02-11T15:18:25","modified_gmt":"2016-02-11T14:18:25","slug":"presentation","status":"publish","type":"page","link":"http:\/\/oxymed-dz.com\/site\/presentation\/","title":{"rendered":"Qui sommes nous?"},"content":{"rendered":"<p>La soci\u00e9t\u00e9 Oxymed au capital de 100 000 000,00 de dinars cr\u00e9e en 2004 dont le si\u00e8ge social est bas\u00e9 \u00e0\u00a0 Bejaia ALGERIE.<\/p>\n<p>Oxymed est sp\u00e9cialis\u00e9e dans la fabrication et l\u2019installation des \u00e9quipements pour fluides m\u00e9dicaux ainsi que la production de la gaine t\u00eate de lit et diff\u00e9rents accessoires m\u00e9dicaux. Ann\u00e9e apr\u00e8s ann\u00e9e elle a su conqu\u00e9rir et r\u00e9aliser des march\u00e9s \u00e0 travers le territoire national, aussi bien \u00e9tatique que priv\u00e9.<\/p>\n<p>Aujourd\u2019hui la EURL OXYMED a su marquer son nom dans le domaine des fluides m\u00e9dicaux et ceci gr\u00e2ce au travail m\u00e9ticuleux et rigoureux de ces employ\u00e9s et \u00e0 la qualit\u00e9 des produits propos\u00e9s.<\/p>\n","protected":false},"excerpt":{"rendered":"<p>La soci\u00e9t\u00e9 Oxymed au capital de 100 000 000,00 de dinars cr\u00e9e en 2004 dont le si\u00e8ge social est bas\u00e9 \u00e0\u00a0 Bejaia ALGERIE. Oxymed est sp\u00e9cialis\u00e9e dans la fabrication et l\u2019installation des \u00e9quipements pour fluides m\u00e9dicaux ainsi que la production de la gaine t\u00eate de lit et diff\u00e9rents accessoires m\u00e9dicaux. Ann\u00e9e apr\u00e8s ann\u00e9e elle a [&hellip;]<\/p>\n","protected":false},"author":1,"featured_media":0,"parent":0,"menu_order":0,"comment_status":"closed","ping_status":"closed","template":"","meta":{"footnotes":""},"class_list":["post-52","page","type-page","status-publish","hentry"],"_links":{"self":[{"href":"http:\/\/oxymed-dz.com\/site\/wp-json\/wp\/v2\/pages\/52","targetHints":{"allow":["GET"]}}],"collection":[{"href":"http:\/\/oxymed-dz.com\/site\/wp-json\/wp\/v2\/pages"}],"about":[{"href":"http:\/\/oxymed-dz.com\/site\/wp-json\/wp\/v2\/types\/page"}],"author":[{"embeddable":true,"href":"http:\/\/oxymed-dz.com\/site\/wp-json\/wp\/v2\/users\/1"}],"replies":[{"embeddable":true,"href":"http:\/\/oxymed-dz.com\/site\/wp-json\/wp\/v2\/comments?post=52"}],"version-history":[{"count":6,"href":"http:\/\/oxymed-dz.com\/site\/wp-json\/wp\/v2\/pages\/52\/revisions"}],"predecessor-version":[{"id":843,"href":"http:\/\/oxymed-dz.com\/site\/wp-json\/wp\/v2\/pages\/52\/revisions\/843"}],"wp:attachment":[{"href":"http:\/\/oxymed-dz.com\/site\/wp-json\/wp\/v2\/media?parent=52"}],"curies":[{"name":"wp","href":"https:\/\/api.w.org\/{rel}","templated":true}]}}