{"id":621,"date":"2016-01-25T15:12:27","date_gmt":"2016-01-25T14:12:27","guid":{"rendered":"http:\/\/oxymed-dz.com\/site\/?page_id=621"},"modified":"2016-03-01T12:06:10","modified_gmt":"2016-03-01T11:06:10","slug":"bras-plafonnier-u-700","status":"publish","type":"page","link":"http:\/\/oxymed-dz.com\/site\/bras-plafonnier-u-700\/","title":{"rendered":"Bras Plafonnier UP 700"},"content":{"rendered":"<h4><strong>BRAS PLAFONNIER UP700<\/strong><\/h4>\n<table style=\"border-color: #423636;\">\n<tbody>\n<tr>\n<td colspan=\"2\"><\/td>\n<\/tr>\n<tr>\n<td style=\"border-right: 1px solid #eeeeee; width: 250px; height: 265px;\"><img loading=\"lazy\" decoding=\"async\" class=\"alignnone wp-image-857 size-full\" src=\"http:\/\/oxymed-dz.com\/site\/wp-content\/uploads\/2016\/01\/bras_up700.jpg\" alt=\"\" width=\"250\" height=\"265\" \/><\/td>\n<td style=\"padding-left: 4px;\">Les bras et colonnes plafonni\u00e8res sont particuli\u00e8rement adapt\u00e9s pour les blocs op\u00e9ratoires, salles de r\u00e9veil, soins intensifs et r\u00e9animation.<br \/>\nAvec un large choix d&rsquo;accessoires modulables, ces bras et colonnes permettent de r\u00e9pondre aux besoins de tous les utilisateurs que ce soit lors de l&rsquo;am\u00e9nagement d&rsquo;un poste de soin simple ou double avec les colonnes ou pour parfaire l&rsquo;ergonomie du poste de travail avec les bras articul\u00e9s.<br \/>\n<strong><br \/>\n<\/strong><\/td>\n<\/tr>\n<tr>\n<td>\n<div><strong>Voir la fiche technique<\/strong><\/div>\n<\/td>\n<td>\n<div><a href=\"http:\/\/oxymed-dz.com\/site\/wp-content\/uploads\/2016\/03\/Bras-UP-700.pdf\" target=\"_blank\"><img loading=\"lazy\" decoding=\"async\" class=\"alignnone wp-image-906 size-full\" src=\"http:\/\/oxymed-dz.com\/site\/wp-content\/uploads\/2016\/03\/pdf-icon.jpg\" alt=\"\" width=\"38\" height=\"40\" \/><\/a><\/div>\n<\/td>\n<\/tr>\n<\/tbody>\n<\/table>\n","protected":false},"excerpt":{"rendered":"<p>BRAS PLAFONNIER UP700 Les bras et colonnes plafonni\u00e8res sont particuli\u00e8rement adapt\u00e9s pour les blocs op\u00e9ratoires, salles de r\u00e9veil, soins intensifs et r\u00e9animation. Avec un large choix d&rsquo;accessoires modulables, ces bras et colonnes permettent de r\u00e9pondre aux besoins de tous les utilisateurs que ce soit lors de l&rsquo;am\u00e9nagement d&rsquo;un poste de soin simple ou double avec [&hellip;]<\/p>\n","protected":false},"author":1,"featured_media":0,"parent":0,"menu_order":0,"comment_status":"closed","ping_status":"closed","template":"","meta":{"footnotes":""},"class_list":["post-621","page","type-page","status-publish","hentry"],"_links":{"self":[{"href":"http:\/\/oxymed-dz.com\/site\/wp-json\/wp\/v2\/pages\/621","targetHints":{"allow":["GET"]}}],"collection":[{"href":"http:\/\/oxymed-dz.com\/site\/wp-json\/wp\/v2\/pages"}],"about":[{"href":"http:\/\/oxymed-dz.com\/site\/wp-json\/wp\/v2\/types\/page"}],"author":[{"embeddable":true,"href":"http:\/\/oxymed-dz.com\/site\/wp-json\/wp\/v2\/users\/1"}],"replies":[{"embeddable":true,"href":"http:\/\/oxymed-dz.com\/site\/wp-json\/wp\/v2\/comments?post=621"}],"version-history":[{"count":11,"href":"http:\/\/oxymed-dz.com\/site\/wp-json\/wp\/v2\/pages\/621\/revisions"}],"predecessor-version":[{"id":920,"href":"http:\/\/oxymed-dz.com\/site\/wp-json\/wp\/v2\/pages\/621\/revisions\/920"}],"wp:attachment":[{"href":"http:\/\/oxymed-dz.com\/site\/wp-json\/wp\/v2\/media?parent=621"}],"curies":[{"name":"wp","href":"https:\/\/api.w.org\/{rel}","templated":true}]}}