{"id":624,"date":"2016-01-25T15:13:15","date_gmt":"2016-01-25T14:13:15","guid":{"rendered":"http:\/\/oxymed-dz.com\/site\/?page_id=624"},"modified":"2016-03-01T12:04:36","modified_gmt":"2016-03-01T11:04:36","slug":"bras-plafonnier-up-500","status":"publish","type":"page","link":"http:\/\/oxymed-dz.com\/site\/bras-plafonnier-up-500\/","title":{"rendered":"Bras Plafonnier UP 500"},"content":{"rendered":"<h4><strong>BRAS PLAFONNIER UP500<\/strong><\/h4>\n<table style=\"border-color: #423636;\">\n<tbody>\n<tr>\n<td colspan=\"2\"><\/td>\n<\/tr>\n<tr>\n<td style=\"border-right: 1px solid #eeeeee; width: 250px; height: 265px;\"><img loading=\"lazy\" decoding=\"async\" class=\"alignnone wp-image-855 size-full\" src=\"http:\/\/oxymed-dz.com\/site\/wp-content\/uploads\/2016\/01\/bras-up500.jpg\" alt=\"\" width=\"250\" height=\"265\" \/><\/td>\n<td style=\"padding-left: 4px;\">Le bras UP500 a \u00e9t\u00e9 con\u00e7u pour apporter aux chirurgiens et anesth\u00e9sistes une grande disponibilit\u00e9 autour du patient gr\u00e2ce \u00e0 son syst\u00e8me totalement compens\u00e9, pouvant rester en position apr\u00e8s mouvement. Cependant il peut \u00eatre r\u00e9gl\u00e9 pour une remont\u00e9e automatique au plafond.<br \/>\n<strong><br \/>\n<\/strong><\/td>\n<\/tr>\n<tr>\n<td>\n<div><strong>Voir la fiche technique<\/strong><\/div>\n<\/td>\n<td>\n<div><a href=\"http:\/\/oxymed-dz.com\/site\/wp-content\/uploads\/2016\/03\/UP-500.pdf\" target=\"_blank\"><img loading=\"lazy\" decoding=\"async\" class=\"alignnone wp-image-906 size-full\" src=\"http:\/\/oxymed-dz.com\/site\/wp-content\/uploads\/2016\/03\/pdf-icon.jpg\" alt=\"\" width=\"38\" height=\"40\" \/><\/a><\/div>\n<\/td>\n<\/tr>\n<\/tbody>\n<\/table>\n","protected":false},"excerpt":{"rendered":"<p>BRAS PLAFONNIER UP500 Le bras UP500 a \u00e9t\u00e9 con\u00e7u pour apporter aux chirurgiens et anesth\u00e9sistes une grande disponibilit\u00e9 autour du patient gr\u00e2ce \u00e0 son syst\u00e8me totalement compens\u00e9, pouvant rester en position apr\u00e8s mouvement. Cependant il peut \u00eatre r\u00e9gl\u00e9 pour une remont\u00e9e automatique au plafond. Voir la fiche technique<\/p>\n","protected":false},"author":1,"featured_media":0,"parent":0,"menu_order":0,"comment_status":"closed","ping_status":"closed","template":"","meta":{"footnotes":""},"class_list":["post-624","page","type-page","status-publish","hentry"],"_links":{"self":[{"href":"http:\/\/oxymed-dz.com\/site\/wp-json\/wp\/v2\/pages\/624","targetHints":{"allow":["GET"]}}],"collection":[{"href":"http:\/\/oxymed-dz.com\/site\/wp-json\/wp\/v2\/pages"}],"about":[{"href":"http:\/\/oxymed-dz.com\/site\/wp-json\/wp\/v2\/types\/page"}],"author":[{"embeddable":true,"href":"http:\/\/oxymed-dz.com\/site\/wp-json\/wp\/v2\/users\/1"}],"replies":[{"embeddable":true,"href":"http:\/\/oxymed-dz.com\/site\/wp-json\/wp\/v2\/comments?post=624"}],"version-history":[{"count":8,"href":"http:\/\/oxymed-dz.com\/site\/wp-json\/wp\/v2\/pages\/624\/revisions"}],"predecessor-version":[{"id":919,"href":"http:\/\/oxymed-dz.com\/site\/wp-json\/wp\/v2\/pages\/624\/revisions\/919"}],"wp:attachment":[{"href":"http:\/\/oxymed-dz.com\/site\/wp-json\/wp\/v2\/media?parent=624"}],"curies":[{"name":"wp","href":"https:\/\/api.w.org\/{rel}","templated":true}]}}