{"id":74,"date":"2015-12-29T10:18:00","date_gmt":"2015-12-29T09:18:00","guid":{"rendered":"http:\/\/oxymed-dz.com\/site\/?page_id=74"},"modified":"2016-02-04T09:59:28","modified_gmt":"2016-02-04T08:59:28","slug":"partenaires","status":"publish","type":"page","link":"http:\/\/oxymed-dz.com\/site\/partenaires\/","title":{"rendered":"Nos references"},"content":{"rendered":"<table style=\"height: 256px;\" width=\"686\">\n<tbody>\n<tr>\n<td style=\"background-color: #cfcccc;\">  &nbsp;CHU Mustapha Bacha (CCA, CCB Alger)<\/td>\n<td style=\"background-color: #cfcccc;\">  &nbsp;H\u00f4pital 240 Lits (Thenia- boumerdes)<\/td>\n<\/tr>\n<tr>\n<td style=\"background-color: #e8e8e8;\">  &nbsp;Institut du rein 200 Lits (Blida)<\/td>\n<td style=\"background-color: #e8e8e8;\">  &nbsp;Clinique le rameau d\u2019olivier (Bejaia)<\/td>\n<\/tr>\n<tr>\n<td style=\"background-color: #cfcccc;\">  &nbsp;H\u00f4pital 120 Lits (Annaba)<\/td>\n<td style=\"background-color: #cfcccc;\">  &nbsp;Clinique ORL 60Lits (Tiaret)<\/td>\n<\/tr>\n<tr>\n<td style=\"background-color: #e8e8e8;\">  &nbsp;H\u00f4pital 120 Lits (Setif)<\/td>\n<td style=\"background-color: #e8e8e8;\">  &nbsp;Centre anti cancereux (Batna)<\/td>\n<\/tr>\n<tr>\n<td style=\"background-color: #cfcccc;\">  &nbsp;H\u00f4pital 120 Lits (Khenchela)<\/td>\n<td style=\"background-color: #cfcccc;\">  &nbsp;Centre anti cancereux (Constantine)<\/td>\n<\/tr>\n<tr>\n<td style=\"background-color: #e8e8e8;\">  &nbsp;H\u00f4pital 120 Lits (Tebessa)<\/td>\n<td style=\"background-color: #e8e8e8;\">  &nbsp;Centre anti cancereux (Setif)<\/td>\n<\/tr>\n<tr>\n<td style=\"background-color: #cfcccc;\">  &nbsp;H\u00f4pital 60 Lits (Kherata Bejaia)<\/td>\n<td style=\"background-color: #cfcccc;\">  &nbsp;H\u00f4pital 120 Lits (Ouargla)<\/td>\n<\/tr>\n<tr>\n<td style=\"background-color: #e8e8e8;\">  &nbsp;H\u00f4pital 60 Lits (Constantine)<\/td>\n<td style=\"background-color: #e8e8e8;\">  &nbsp;Centre anti cancereux (Annaba)<\/td>\n<\/tr>\n<tr>\n<td style=\"background-color: #cfcccc;\">  &nbsp;H\u00f4pital 240 Lits (Touggourt)<\/td>\n<td style=\"background-color: #cfcccc;\">  &nbsp;H\u00f4pital 240 Lits (Taref)<\/td>\n<\/tr>\n<\/tbody>\n<\/table>\n","protected":false},"excerpt":{"rendered":"<p>&nbsp;CHU Mustapha Bacha (CCA, CCB Alger) &nbsp;H\u00f4pital 240 Lits (Thenia- boumerdes) &nbsp;Institut du rein 200 Lits (Blida) &nbsp;Clinique le rameau d\u2019olivier (Bejaia) &nbsp;H\u00f4pital 120 Lits (Annaba) &nbsp;Clinique ORL 60Lits (Tiaret) &nbsp;H\u00f4pital 120 Lits (Setif) &nbsp;Centre anti cancereux (Batna) &nbsp;H\u00f4pital 120 Lits (Khenchela) &nbsp;Centre anti cancereux (Constantine) &nbsp;H\u00f4pital 120 Lits (Tebessa) &nbsp;Centre anti cancereux (Setif) &nbsp;H\u00f4pital [&hellip;]<\/p>\n","protected":false},"author":1,"featured_media":0,"parent":0,"menu_order":0,"comment_status":"closed","ping_status":"closed","template":"","meta":{"footnotes":""},"class_list":["post-74","page","type-page","status-publish","hentry"],"_links":{"self":[{"href":"http:\/\/oxymed-dz.com\/site\/wp-json\/wp\/v2\/pages\/74","targetHints":{"allow":["GET"]}}],"collection":[{"href":"http:\/\/oxymed-dz.com\/site\/wp-json\/wp\/v2\/pages"}],"about":[{"href":"http:\/\/oxymed-dz.com\/site\/wp-json\/wp\/v2\/types\/page"}],"author":[{"embeddable":true,"href":"http:\/\/oxymed-dz.com\/site\/wp-json\/wp\/v2\/users\/1"}],"replies":[{"embeddable":true,"href":"http:\/\/oxymed-dz.com\/site\/wp-json\/wp\/v2\/comments?post=74"}],"version-history":[{"count":24,"href":"http:\/\/oxymed-dz.com\/site\/wp-json\/wp\/v2\/pages\/74\/revisions"}],"predecessor-version":[{"id":808,"href":"http:\/\/oxymed-dz.com\/site\/wp-json\/wp\/v2\/pages\/74\/revisions\/808"}],"wp:attachment":[{"href":"http:\/\/oxymed-dz.com\/site\/wp-json\/wp\/v2\/media?parent=74"}],"curies":[{"name":"wp","href":"https:\/\/api.w.org\/{rel}","templated":true}]}}