{"id":83,"date":"2015-12-29T10:43:11","date_gmt":"2015-12-29T09:43:11","guid":{"rendered":"http:\/\/oxymed-dz.com\/site\/?page_id=83"},"modified":"2016-02-11T15:22:45","modified_gmt":"2016-02-11T14:22:45","slug":"oxygene","status":"publish","type":"page","link":"http:\/\/oxymed-dz.com\/site\/oxygene\/","title":{"rendered":"Oxyg\u00e9ne:"},"content":{"rendered":"<div class=\"cols\">\n<div class=\"three\">\n<ul class=\"ulprod\">\n<li><a href=\"http:\/\/oxymed-dz.com\/site\/generateur-doxygene\/\">&gt; G\u00e9n\u00e9rateur d&rsquo;oxyg\u00e8ne<\/a><\/li>\n<li><a href=\"http:\/\/oxymed-dz.com\/site\/evaporateur\/\">&gt; Evaporateur<\/a><\/li>\n<li><a href=\"http:\/\/oxymed-dz.com\/site\/centrale-dair\/\">&gt; Centrale 02<\/a><\/li>\n<li><a href=\"http:\/\/oxymed-dz.com\/site\/prise\/\">&gt; Prise O2<\/a><\/li>\n<li><a href=\"http:\/\/oxymed-dz.com\/site\/damao\/\">&gt; Damao 02<\/a><\/li>\n<\/ul>\n<\/div>\n<div class=\"two\">\n<ul class=\"ulprod\">\n<li><a href=\"http:\/\/oxymed-dz.com\/site\/vanne\/\">&gt; Vanne<\/a><\/li>\n<li><a href=\"http:\/\/oxymed-dz.com\/site\/debimetre-avec-humidificateur\/\">&gt; D\u00e9bim\u00e8tre avec humidificateur<\/a><\/li>\n<li><a href=\"http:\/\/oxymed-dz.com\/site\/cuivre\/\">&gt; Cuivre m\u00e9dical d\u00e9graiss\u00e9<\/a><\/li>\n<li><a href=\"http:\/\/oxymed-dz.com\/site\/alarme-vigi\/\">&gt; Alarme VIGI<\/a><\/li>\n<li><a href=\"http:\/\/oxymed-dz.com\/site\/module-02\/\">&gt; Module 02<\/a><\/li>\n<\/ul>\n<\/div>\n<\/div>\n","protected":false},"excerpt":{"rendered":"<p>&gt; G\u00e9n\u00e9rateur d&rsquo;oxyg\u00e8ne &gt; Evaporateur &gt; Centrale 02 &gt; Prise O2 &gt; Damao 02 &gt; Vanne &gt; D\u00e9bim\u00e8tre avec humidificateur &gt; Cuivre m\u00e9dical d\u00e9graiss\u00e9 &gt; Alarme VIGI &gt; Module 02<\/p>\n","protected":false},"author":1,"featured_media":0,"parent":0,"menu_order":0,"comment_status":"closed","ping_status":"closed","template":"","meta":{"footnotes":""},"class_list":["post-83","page","type-page","status-publish","hentry"],"_links":{"self":[{"href":"http:\/\/oxymed-dz.com\/site\/wp-json\/wp\/v2\/pages\/83","targetHints":{"allow":["GET"]}}],"collection":[{"href":"http:\/\/oxymed-dz.com\/site\/wp-json\/wp\/v2\/pages"}],"about":[{"href":"http:\/\/oxymed-dz.com\/site\/wp-json\/wp\/v2\/types\/page"}],"author":[{"embeddable":true,"href":"http:\/\/oxymed-dz.com\/site\/wp-json\/wp\/v2\/users\/1"}],"replies":[{"embeddable":true,"href":"http:\/\/oxymed-dz.com\/site\/wp-json\/wp\/v2\/comments?post=83"}],"version-history":[{"count":44,"href":"http:\/\/oxymed-dz.com\/site\/wp-json\/wp\/v2\/pages\/83\/revisions"}],"predecessor-version":[{"id":847,"href":"http:\/\/oxymed-dz.com\/site\/wp-json\/wp\/v2\/pages\/83\/revisions\/847"}],"wp:attachment":[{"href":"http:\/\/oxymed-dz.com\/site\/wp-json\/wp\/v2\/media?parent=83"}],"curies":[{"name":"wp","href":"https:\/\/api.w.org\/{rel}","templated":true}]}}