{"id":85,"date":"2015-12-29T11:11:08","date_gmt":"2015-12-29T10:11:08","guid":{"rendered":"http:\/\/oxymed-dz.com\/site\/?page_id=85"},"modified":"2016-01-25T14:51:01","modified_gmt":"2016-01-25T13:51:01","slug":"vide","status":"publish","type":"page","link":"http:\/\/oxymed-dz.com\/site\/vide\/","title":{"rendered":"Vide"},"content":{"rendered":"<div class=\"cols\">\n<div class=\"three\">\n<ul class=\"ulprod\">\n<li><a href=\"http:\/\/oxymed-dz.com\/site\/groupe-de-vide\/\">&gt; Centrale de vide<\/a><\/li>\n<li><a href=\"http:\/\/oxymed-dz.com\/site\/prise\/\">&gt; Prise vide<\/a><\/li>\n<li><a href=\"http:\/\/oxymed-dz.com\/site\/vanne\/\">&gt; Vanne<\/a><\/li>\n<\/ul>\n<\/div>\n<div class=\"two\">\n<ul class=\"ulprod\">\n<li><a href=\"http:\/\/oxymed-dz.com\/site\/dispositif-daspiration-2\/\">&gt; Dispositif d&rsquo;aspiration<\/a><\/li>\n<li><a href=\"http:\/\/oxymed-dz.com\/site\/cuivre\/\">&gt; Cuivre m\u00e9dical d\u00e9graiss\u00e9<\/a><\/li>\n<\/ul>\n<\/div>\n<\/div>\n","protected":false},"excerpt":{"rendered":"<p>&gt; Centrale de vide &gt; Prise vide &gt; Vanne &gt; Dispositif d&rsquo;aspiration &gt; Cuivre m\u00e9dical d\u00e9graiss\u00e9<\/p>\n","protected":false},"author":1,"featured_media":0,"parent":0,"menu_order":0,"comment_status":"closed","ping_status":"closed","template":"","meta":{"footnotes":""},"class_list":["post-85","page","type-page","status-publish","hentry"],"_links":{"self":[{"href":"http:\/\/oxymed-dz.com\/site\/wp-json\/wp\/v2\/pages\/85","targetHints":{"allow":["GET"]}}],"collection":[{"href":"http:\/\/oxymed-dz.com\/site\/wp-json\/wp\/v2\/pages"}],"about":[{"href":"http:\/\/oxymed-dz.com\/site\/wp-json\/wp\/v2\/types\/page"}],"author":[{"embeddable":true,"href":"http:\/\/oxymed-dz.com\/site\/wp-json\/wp\/v2\/users\/1"}],"replies":[{"embeddable":true,"href":"http:\/\/oxymed-dz.com\/site\/wp-json\/wp\/v2\/comments?post=85"}],"version-history":[{"count":16,"href":"http:\/\/oxymed-dz.com\/site\/wp-json\/wp\/v2\/pages\/85\/revisions"}],"predecessor-version":[{"id":133,"href":"http:\/\/oxymed-dz.com\/site\/wp-json\/wp\/v2\/pages\/85\/revisions\/133"}],"wp:attachment":[{"href":"http:\/\/oxymed-dz.com\/site\/wp-json\/wp\/v2\/media?parent=85"}],"curies":[{"name":"wp","href":"https:\/\/api.w.org\/{rel}","templated":true}]}}