{"id":92,"date":"2015-12-29T11:24:47","date_gmt":"2015-12-29T10:24:47","guid":{"rendered":"http:\/\/oxymed-dz.com\/site\/?page_id=92"},"modified":"2016-02-11T15:19:07","modified_gmt":"2016-02-11T14:19:07","slug":"accessoires","status":"publish","type":"page","link":"http:\/\/oxymed-dz.com\/site\/accessoires\/","title":{"rendered":"Accessoires:"},"content":{"rendered":"<div class=\"cols\">\n<div class=\"three\">\n<ul class=\"ulprod\">\n<li><a href=\"http:\/\/oxymed-dz.com\/site\/tige-porte-serum-2\/\">&gt; Tige porte s\u00e9rum<\/a><\/li>\n<li><a href=\"http:\/\/oxymed-dz.com\/site\/rail-3\/\">&gt; Rail<\/a><\/li>\n<li><a href=\"http:\/\/oxymed-dz.com\/site\/tablette\/\">&gt; Tablette<\/a><\/li>\n<\/ul>\n<\/div>\n<div class=\"two\">\n<ul class=\"ulprod\">\n<li><a href=\"http:\/\/oxymed-dz.com\/site\/lampe-halogene-2\/\">&gt; Lampe halog\u00e8ne<\/a><\/li>\n<li><a href=\"http:\/\/oxymed-dz.com\/site\/prise-sega-c-evaluation-des-gazes\/\">&gt; Prise S\u00e9ga pour \u00e9vacuation des gaz<\/a><\/li>\n<li><a href=\"http:\/\/oxymed-dz.com\/site\/debimetre-avec-humidificateur\/\">&gt; D\u00e9bim\u00e8tre avec humidificateur<\/a><\/li>\n<li><a href=\"http:\/\/oxymed-dz.com\/site\/dispositif-daspiration-2\/\">&gt; Dispositif d\u2019aspiration<\/a><\/li>\n<\/ul>\n<\/div>\n<\/div>\n","protected":false},"excerpt":{"rendered":"<p>&gt; Tige porte s\u00e9rum &gt; Rail &gt; Tablette &gt; Lampe halog\u00e8ne &gt; Prise S\u00e9ga pour \u00e9vacuation des gaz &gt; D\u00e9bim\u00e8tre avec humidificateur &gt; Dispositif d\u2019aspiration<\/p>\n","protected":false},"author":1,"featured_media":0,"parent":0,"menu_order":0,"comment_status":"closed","ping_status":"closed","template":"","meta":{"footnotes":""},"class_list":["post-92","page","type-page","status-publish","hentry"],"_links":{"self":[{"href":"http:\/\/oxymed-dz.com\/site\/wp-json\/wp\/v2\/pages\/92","targetHints":{"allow":["GET"]}}],"collection":[{"href":"http:\/\/oxymed-dz.com\/site\/wp-json\/wp\/v2\/pages"}],"about":[{"href":"http:\/\/oxymed-dz.com\/site\/wp-json\/wp\/v2\/types\/page"}],"author":[{"embeddable":true,"href":"http:\/\/oxymed-dz.com\/site\/wp-json\/wp\/v2\/users\/1"}],"replies":[{"embeddable":true,"href":"http:\/\/oxymed-dz.com\/site\/wp-json\/wp\/v2\/comments?post=92"}],"version-history":[{"count":15,"href":"http:\/\/oxymed-dz.com\/site\/wp-json\/wp\/v2\/pages\/92\/revisions"}],"predecessor-version":[{"id":844,"href":"http:\/\/oxymed-dz.com\/site\/wp-json\/wp\/v2\/pages\/92\/revisions\/844"}],"wp:attachment":[{"href":"http:\/\/oxymed-dz.com\/site\/wp-json\/wp\/v2\/media?parent=92"}],"curies":[{"name":"wp","href":"https:\/\/api.w.org\/{rel}","templated":true}]}}