{"id":397,"date":"2016-01-14T11:00:03","date_gmt":"2016-01-14T10:00:03","guid":{"rendered":"http:\/\/oxymed-dz.com\/site\/?page_id=397"},"modified":"2016-03-01T13:42:17","modified_gmt":"2016-03-01T12:42:17","slug":"bandeau-tete-de-lit-btl-150","status":"publish","type":"page","link":"https:\/\/oxymed-dz.com\/site\/bandeau-tete-de-lit-btl-150\/","title":{"rendered":"Gaine t\u00eate de lit"},"content":{"rendered":"<h4>BANDEAU DE TETE DE LIT- BTL 150<\/h4>\n<table style=\"border-color: #423636;\">\n<tbody>\n<tr>\n<td colspan=\"2\"><\/td>\n<\/tr>\n<tr>\n<td style=\"border-right: 1px solid #eeeeee; width: 250px; height: 265px;\"><img loading=\"lazy\" decoding=\"async\" class=\"alignnone wp-image-884 size-full\" src=\"http:\/\/oxymed-dz.com\/site\/wp-content\/uploads\/2016\/01\/tet-de-lit.jpg\" alt=\"\" width=\"250\" height=\"265\" \/><\/td>\n<td style=\"padding-left: 4px;\">Issu d\u2019une conception concert\u00e9e avec les utilisateurs, installateurs, personnel de maintenance et organismes de contr\u00f4le, le bandeau t\u00eate de lit BTL150 satisfait \u00e0 toutes les exigences du milieu hospitalier : concept et fonctionnalit\u00e9 pour le patient et le personnel soignant, mais aussi respect des normes de s\u00e9curit\u00e9 et d\u2019hygi\u00e8ne.<\/td>\n<\/tr>\n<tr>\n<td>\n<div><strong>Voir la fiche technique<\/strong><\/div>\n<\/td>\n<td>\n<div><a href=\"http:\/\/oxymed-dz.com\/site\/wp-content\/uploads\/2016\/03\/Fiche-Technique-Gaine-t\u00eate-de-lit.pdf\" target=\"_blank\"><img loading=\"lazy\" decoding=\"async\" class=\"alignnone wp-image-906 size-full\" src=\"http:\/\/oxymed-dz.com\/site\/wp-content\/uploads\/2016\/03\/pdf-icon.jpg\" alt=\"\" width=\"38\" height=\"40\" \/><\/a><\/div>\n<\/td>\n<\/tr>\n<\/tbody>\n<\/table>\n<p>&nbsp;<\/p>\n","protected":false},"excerpt":{"rendered":"<p>BANDEAU DE TETE DE LIT- BTL 150 Issu d\u2019une conception concert\u00e9e avec les utilisateurs, installateurs, personnel de maintenance et organismes de contr\u00f4le, le bandeau t\u00eate de lit BTL150 satisfait \u00e0 toutes les exigences du milieu hospitalier : concept et fonctionnalit\u00e9 pour le patient et le personnel soignant, mais aussi respect des normes de s\u00e9curit\u00e9 et [&hellip;]<\/p>\n","protected":false},"author":1,"featured_media":0,"parent":0,"menu_order":0,"comment_status":"closed","ping_status":"closed","template":"","meta":{"footnotes":""},"class_list":["post-397","page","type-page","status-publish","hentry"],"_links":{"self":[{"href":"https:\/\/oxymed-dz.com\/site\/wp-json\/wp\/v2\/pages\/397","targetHints":{"allow":["GET"]}}],"collection":[{"href":"https:\/\/oxymed-dz.com\/site\/wp-json\/wp\/v2\/pages"}],"about":[{"href":"https:\/\/oxymed-dz.com\/site\/wp-json\/wp\/v2\/types\/page"}],"author":[{"embeddable":true,"href":"https:\/\/oxymed-dz.com\/site\/wp-json\/wp\/v2\/users\/1"}],"replies":[{"embeddable":true,"href":"https:\/\/oxymed-dz.com\/site\/wp-json\/wp\/v2\/comments?post=397"}],"version-history":[{"count":20,"href":"https:\/\/oxymed-dz.com\/site\/wp-json\/wp\/v2\/pages\/397\/revisions"}],"predecessor-version":[{"id":948,"href":"https:\/\/oxymed-dz.com\/site\/wp-json\/wp\/v2\/pages\/397\/revisions\/948"}],"wp:attachment":[{"href":"https:\/\/oxymed-dz.com\/site\/wp-json\/wp\/v2\/media?parent=397"}],"curies":[{"name":"wp","href":"https:\/\/api.w.org\/{rel}","templated":true}]}}